{"id":8,"date":"2018-10-10T20:12:38","date_gmt":"2018-10-10T20:12:38","guid":{"rendered":"http:\/\/thomas.connys-hairdesign.de\/?page_id=8"},"modified":"2024-01-11T14:56:57","modified_gmt":"2024-01-11T14:56:57","slug":"krankenfahrten","status":"publish","type":"page","link":"https:\/\/krankenfahrten-sausen.de\/?page_id=8","title":{"rendered":"Krankenfahrten"},"content":{"rendered":"<p>Wir sind <strong>Partner*innen aller Krankenkassen<\/strong>. Die Abrechnung mit den Kassen \u00fcbernehmen wir f\u00fcr Sie!<\/p>\n<p>Unser Service umfasst die Bef\u00f6rderung von Fahrg\u00e4sten, die w\u00e4hrend der Fahrt <em>keine fach\u00e4rztliche Betreuung<\/em> ben\u00f6tigen und\u00a0<em>sitzend gefahren<\/em> werden k\u00f6nnen.\u00a0Zu unseren Leistungen geh\u00f6ren u.a.:<\/p>\n<div class=\"cm_column cm-container-large\">\n<ul>\n<li>Ambulante Behandlungen<\/li>\n<li>Fahrten zur Bestrahlung und Chemotherapie<\/li>\n<li>Dialysefahrten<\/li>\n<li>Einweisungen und Entlassungen<\/li>\n<li>Station\u00e4re und ambulante Reha-Fahrten<\/li>\n<\/ul>\n<p>Auch bei anderen medizinischen Fahrten k\u00f6nnen Sie uns gerne anrufen.<\/p>\n<\/div>\n<p>&nbsp;<\/p>\n<p><strong>Wichtig<\/strong><\/p>\n<p>Krankenfahrten werden von Ihrem behandelnden Arzt verordnet (&#8222;Verordnung zur Krankenbef\u00f6rderung&#8220;). In manchen F\u00e4llen (z.B. Bestrahlung) ist es notwendig die Verordnung\u00a0 der Krankenversicherung zukommen zu lassen, welche dann wiederum eine \u00dcbernahme-Genehmigung der Fahrtkosten ausstellt.<\/p>\n<div class=\"cm_column cm-container-large\">\n<div>\n<p>&nbsp;<\/p>\n<\/div>\n<div class=\"cm_column_gap cm_column_gap_left\">Wenn Sie Fragen haben, rufen Sie uns gerne an ( 0177 &#8211; 829 10 12) oder schicken eine E-Mail (maurice.sausengmx.de). In den meisten F\u00e4llen ist es jedoch empfehlenswert, Fragen telefonisch zu besprechen.<\/div>\n<div>\n<p>&nbsp;<\/p>\n<\/div>\n<\/div>\n<div><em>Das Team Krankenfahrten Sausen<\/em><\/div>\n<div>\n<p>&nbsp;<\/p>\n<p>&nbsp;<\/p>\n<\/div>\n","protected":false},"excerpt":{"rendered":"<p>Wir sind Partner*innen aller Krankenkassen. Die Abrechnung mit den Kassen \u00fcbernehmen wir f\u00fcr Sie! Unser Service umfasst die Bef\u00f6rderung von Fahrg\u00e4sten, die w\u00e4hrend der Fahrt keine fach\u00e4rztliche Betreuung ben\u00f6tigen und\u00a0sitzend gefahren werden k\u00f6nnen.\u00a0Zu unseren Leistungen geh\u00f6ren u.a.: Ambulante Behandlungen Fahrten zur Bestrahlung und Chemotherapie Dialysefahrten Einweisungen und Entlassungen Station\u00e4re und ambulante Reha-Fahrten Auch bei anderen &hellip; <\/p>\n<p class=\"link-more\"><a href=\"https:\/\/krankenfahrten-sausen.de\/?page_id=8\" class=\"more-link\"><span class=\"screen-reader-text\">\u201eKrankenfahrten\u201c<\/span> weiterlesen<\/a><\/p>\n","protected":false},"author":1,"featured_media":0,"parent":0,"menu_order":0,"comment_status":"closed","ping_status":"closed","template":"","meta":{"saved_in_kubio":false,"footnotes":""},"kubio_ai_page_context":{"short_desc":"","purpose":"general"},"_links":{"self":[{"href":"https:\/\/krankenfahrten-sausen.de\/index.php?rest_route=\/wp\/v2\/pages\/8"}],"collection":[{"href":"https:\/\/krankenfahrten-sausen.de\/index.php?rest_route=\/wp\/v2\/pages"}],"about":[{"href":"https:\/\/krankenfahrten-sausen.de\/index.php?rest_route=\/wp\/v2\/types\/page"}],"author":[{"embeddable":true,"href":"https:\/\/krankenfahrten-sausen.de\/index.php?rest_route=\/wp\/v2\/users\/1"}],"replies":[{"embeddable":true,"href":"https:\/\/krankenfahrten-sausen.de\/index.php?rest_route=%2Fwp%2Fv2%2Fcomments&post=8"}],"version-history":[{"count":13,"href":"https:\/\/krankenfahrten-sausen.de\/index.php?rest_route=\/wp\/v2\/pages\/8\/revisions"}],"predecessor-version":[{"id":115,"href":"https:\/\/krankenfahrten-sausen.de\/index.php?rest_route=\/wp\/v2\/pages\/8\/revisions\/115"}],"wp:attachment":[{"href":"https:\/\/krankenfahrten-sausen.de\/index.php?rest_route=%2Fwp%2Fv2%2Fmedia&parent=8"}],"curies":[{"name":"wp","href":"https:\/\/api.w.org\/{rel}","templated":true}]}}