{"id":9,"date":"2018-10-10T20:12:38","date_gmt":"2018-10-10T20:12:38","guid":{"rendered":"http:\/\/thomas.connys-hairdesign.de\/?page_id=9"},"modified":"2024-01-16T09:55:52","modified_gmt":"2024-01-16T09:55:52","slug":"startseite","status":"publish","type":"page","link":"https:\/\/krankenfahrten-sausen.de\/","title":{"rendered":"Startseite"},"content":{"rendered":"<h1 style=\"text-align: center;\"><strong>WIR BRINGEN SIE SICHER ANS ZIEL!<\/strong><\/h1>\n<p>&nbsp;<\/p>\n<p>Das Unternehmen wurde 2007 von Thomas Sausen gegr\u00fcndet. Wir sind ein liebevolles Familienunternehmen, was sich oft in einem sehr pers\u00f6nlichen und engen Kontakt zu unseren G\u00e4sten widerspiegelt. Unsere Spezialisierung liegt auf dem Bereich Krankenfahrten (Privat-und Kassenpatienten).<\/p>\n<p>Wir wissen wie wichtig es ist, p\u00fcnktlich bei medizinischen Behandlungen zu erscheinen. Durch die Unterst\u00fctzung unserer hilfsbereiten und erfahrenen Mitarbeiter*innen, k\u00f6nnen wir eine sichere Fahrt und einen reibungslosen Ablauf garantieren! Zuverl\u00e4ssigkeit steht bei uns an oberster Stelle.<\/p>\n<p>Gleichzeitig versuchen wir auf Ihre Bed\u00fcrfnisse w\u00e4hrend der Fahrt einzugehen. So k\u00f6nnen wir Sie bei Bedarf an Ihrer\u00a0Haust\u00fcre abholen und zum Auto begleiten, helfen Ihnen beim einsteigen, bringen Ihren Rollator in den Kofferraum und tun Gleiches nat\u00fcrlich auch bei der Ankunft an der Behandlungsst\u00e4tte sowie bei der R\u00fcckfahrt.<\/p>\n<p>Wir m\u00f6chten auf Ihre W\u00fcnsche eingehen. Z\u00f6gern Sie bitte nicht, Ihr Anliegen zu kommunizieren.<\/p>\n<p>Kontaktieren Sie uns gerne unter 0177 &#8211; 829 10 12. Wir freuen uns auf Ihren Anruf.<\/p>\n<p><strong>Service:<\/strong> Beim Beantragen Ihrer, f\u00fcr Sie notwendigen Kassengenehmigung, sind wir Ihnen gerne behilflich.<\/p>\n<p>&nbsp;<\/p>\n<p><em>Das Team Krankenfahrten Sausen<\/em><\/p>\n<p>&nbsp;<\/p>\n<p>&nbsp;<\/p>\n<p>&nbsp;<\/p>\n","protected":false},"excerpt":{"rendered":"<p>WIR BRINGEN SIE SICHER ANS ZIEL! &nbsp; Das Unternehmen wurde 2007 von Thomas Sausen gegr\u00fcndet. Wir sind ein liebevolles Familienunternehmen, was sich oft in einem sehr pers\u00f6nlichen und engen Kontakt zu unseren G\u00e4sten widerspiegelt. Unsere Spezialisierung liegt auf dem Bereich Krankenfahrten (Privat-und Kassenpatienten). Wir wissen wie wichtig es ist, p\u00fcnktlich bei medizinischen Behandlungen zu erscheinen. &hellip; <\/p>\n<p class=\"link-more\"><a href=\"https:\/\/krankenfahrten-sausen.de\/\" class=\"more-link\"><span class=\"screen-reader-text\">\u201eStartseite\u201c<\/span> weiterlesen<\/a><\/p>\n","protected":false},"author":1,"featured_media":0,"parent":0,"menu_order":0,"comment_status":"closed","ping_status":"closed","template":"","meta":{"saved_in_kubio":false,"footnotes":""},"kubio_ai_page_context":{"short_desc":"","purpose":"general"},"_links":{"self":[{"href":"https:\/\/krankenfahrten-sausen.de\/index.php?rest_route=\/wp\/v2\/pages\/9"}],"collection":[{"href":"https:\/\/krankenfahrten-sausen.de\/index.php?rest_route=\/wp\/v2\/pages"}],"about":[{"href":"https:\/\/krankenfahrten-sausen.de\/index.php?rest_route=\/wp\/v2\/types\/page"}],"author":[{"embeddable":true,"href":"https:\/\/krankenfahrten-sausen.de\/index.php?rest_route=\/wp\/v2\/users\/1"}],"replies":[{"embeddable":true,"href":"https:\/\/krankenfahrten-sausen.de\/index.php?rest_route=%2Fwp%2Fv2%2Fcomments&post=9"}],"version-history":[{"count":30,"href":"https:\/\/krankenfahrten-sausen.de\/index.php?rest_route=\/wp\/v2\/pages\/9\/revisions"}],"predecessor-version":[{"id":163,"href":"https:\/\/krankenfahrten-sausen.de\/index.php?rest_route=\/wp\/v2\/pages\/9\/revisions\/163"}],"wp:attachment":[{"href":"https:\/\/krankenfahrten-sausen.de\/index.php?rest_route=%2Fwp%2Fv2%2Fmedia&parent=9"}],"curies":[{"name":"wp","href":"https:\/\/api.w.org\/{rel}","templated":true}]}}